{"id":915,"date":"2020-02-17T14:34:31","date_gmt":"2020-02-17T14:34:31","guid":{"rendered":"https:\/\/csipkehotel.hu\/en\/?page_id=915"},"modified":"2020-06-09T07:04:46","modified_gmt":"2020-06-09T07:04:46","slug":"sights","status":"publish","type":"page","link":"https:\/\/csipkehotel.hu\/en\/sights\/","title":{"rendered":"Sights"},"content":{"rendered":"\t\t<div data-elementor-type=\"wp-post\" data-elementor-id=\"915\" class=\"elementor elementor-915\">\n\t\t\t\t\t\t<section class=\"elementor-section elementor-top-section elementor-element elementor-element-945ba98 elementor-section-content-middle elementor-section-height-min-height elementor-section-boxed elementor-section-height-default elementor-section-items-middle\" data-id=\"945ba98\" data-element_type=\"section\" data-settings=\"{&quot;background_background&quot;:&quot;classic&quot;}\">\n\t\t\t\t\t\t\t<div class=\"elementor-background-overlay\"><\/div>\n\t\t\t\t\t\t\t<div class=\"elementor-container elementor-column-gap-no\">\n\t\t\t\t\t<div class=\"elementor-column elementor-col-100 elementor-top-column elementor-element elementor-element-062db5c\" data-id=\"062db5c\" data-element_type=\"column\">\n\t\t\t<div class=\"elementor-widget-wrap elementor-element-populated\">\n\t\t\t\t\t\t<div class=\"elementor-element elementor-element-8a70a1a elementor-widget elementor-widget-heading\" data-id=\"8a70a1a\" data-element_type=\"widget\" data-widget_type=\"heading.default\">\n\t\t\t\t<div class=\"elementor-widget-container\">\n\t\t\t\t\t<h2 class=\"elementor-heading-title elementor-size-default\">hotel csipke<\/h2>\t\t\t\t<\/div>\n\t\t\t\t<\/div>\n\t\t\t\t<div class=\"elementor-element elementor-element-f30b78f elementor-widget elementor-widget-text-editor\" data-id=\"f30b78f\" data-element_type=\"widget\" data-widget_type=\"text-editor.default\">\n\t\t\t\t<div class=\"elementor-widget-container\">\n\t\t\t\t\t\t\t\t\t<p>sights of the town<\/p>\t\t\t\t\t\t\t\t<\/div>\n\t\t\t\t<\/div>\n\t\t\t\t\t<\/div>\n\t\t<\/div>\n\t\t\t\t\t<\/div>\n\t\t<\/section>\n\t\t\t\t<section class=\"elementor-section elementor-top-section elementor-element elementor-element-88fa434 elementor-section-boxed elementor-section-height-default elementor-section-height-default\" data-id=\"88fa434\" data-element_type=\"section\">\n\t\t\t\t\t\t<div class=\"elementor-container elementor-column-gap-default\">\n\t\t\t\t\t<div class=\"elementor-column elementor-col-100 elementor-top-column elementor-element elementor-element-35bce44\" data-id=\"35bce44\" data-element_type=\"column\">\n\t\t\t<div class=\"elementor-widget-wrap elementor-element-populated\">\n\t\t\t\t\t\t<div class=\"elementor-element elementor-element-8e85cf3 elementor-widget elementor-widget-heading\" data-id=\"8e85cf3\" data-element_type=\"widget\" data-widget_type=\"heading.default\">\n\t\t\t\t<div class=\"elementor-widget-container\">\n\t\t\t\t\t<h2 class=\"elementor-heading-title elementor-size-large\"><b>J\u00e1nos thorma museum <span>~ 600m<\/span><\/b><\/h2>\t\t\t\t<\/div>\n\t\t\t\t<\/div>\n\t\t\t\t<div class=\"elementor-element elementor-element-a38eb7c elementor-widget elementor-widget-spacer\" data-id=\"a38eb7c\" data-element_type=\"widget\" data-widget_type=\"spacer.default\">\n\t\t\t\t<div class=\"elementor-widget-container\">\n\t\t\t\t\t\t\t<div class=\"elementor-spacer\">\n\t\t\t<div class=\"elementor-spacer-inner\"><\/div>\n\t\t<\/div>\n\t\t\t\t\t\t<\/div>\n\t\t\t\t<\/div>\n\t\t\t\t<div class=\"elementor-element elementor-element-a818701 elementor-invisible elementor-widget elementor-widget-image\" data-id=\"a818701\" data-element_type=\"widget\" data-settings=\"{&quot;_animation&quot;:&quot;zoomIn&quot;}\" data-widget_type=\"image.default\">\n\t\t\t\t<div class=\"elementor-widget-container\">\n\t\t\t\t\t\t\t\t\t\t\t\t\t\t\t<img fetchpriority=\"high\" decoding=\"async\" width=\"300\" height=\"199\" src=\"https:\/\/csipkehotel.hu\/en\/wp-content\/uploads\/2020\/02\/4513.jpg\" class=\"attachment-medium size-medium wp-image-920\" alt=\"\" srcset=\"https:\/\/csipkehotel.hu\/en\/wp-content\/uploads\/2020\/02\/4513.jpg 1531w, https:\/\/csipkehotel.hu\/en\/wp-content\/uploads\/2020\/02\/4513-20x13.jpg 20w\" sizes=\"(max-width: 300px) 100vw, 300px\" \/>\t\t\t\t\t\t\t\t\t\t\t\t\t\t\t<\/div>\n\t\t\t\t<\/div>\n\t\t\t\t<div class=\"elementor-element elementor-element-be1257c elementor-widget elementor-widget-spacer\" data-id=\"be1257c\" data-element_type=\"widget\" data-widget_type=\"spacer.default\">\n\t\t\t\t<div class=\"elementor-widget-container\">\n\t\t\t\t\t\t\t<div class=\"elementor-spacer\">\n\t\t\t<div class=\"elementor-spacer-inner\"><\/div>\n\t\t<\/div>\n\t\t\t\t\t\t<\/div>\n\t\t\t\t<\/div>\n\t\t\t\t<div class=\"elementor-element elementor-element-2c0a48d elementor-widget elementor-widget-text-editor\" data-id=\"2c0a48d\" data-element_type=\"widget\" data-widget_type=\"text-editor.default\">\n\t\t\t\t<div class=\"elementor-widget-container\">\n\t\t\t\t\t\t\t\t\t<p><br><\/p>\n<p style=\"font-size: 17px; font-style: normal; font-weight: 400;\">J\u00e1nos Thorma, the famous artist was born is Kiskunhalas, he established the painter school of Nagyb\u00e1nya. The museum which is named after him belongs to the eldest museums of Hungary.<\/p>\n<p style=\"font-size: 17px; font-style: normal; font-weight: 400;\">The number of the unrival exhibition is more, than 88 thousands, which are mainly ethnographic and local histroical pieces, but the exhibition contains also pieces in the art of crafts. Besides the painting collection the document library, the libraray and photo gallery are also significant.<\/p>\n<p><\/p>\n<p><b>Permanent exhibitions:<\/b><\/p>\n<ul>\n<li>Thorma gallery where the signficant paintings of the painter can be found.<\/li>\n<li>Halas the Kiskun market town, which reviews the history of the town from the 17.th&nbsp; to 20.th century.<\/li>\n<li>Treasure in the sand: famous archeological fossil objects from the region of Kiskunhalas.<\/li>\n<li>Kincsek a homokban: h\u00edres r\u00e9g\u00e9szeti leletek Kiskunhalas k\u00f6rny\u00e9k\u00e9r\u00f5l<\/li>\n<li>Agricultural equipments from the 19th century<\/li>\n<\/ul>\n<p><b>&nbsp;<\/b><\/p>\t\t\t\t\t\t\t\t<\/div>\n\t\t\t\t<\/div>\n\t\t\t\t<div class=\"elementor-element elementor-element-c8ae5b1 elementor-align-center elementor-widget elementor-widget-button\" data-id=\"c8ae5b1\" data-element_type=\"widget\" data-widget_type=\"button.default\">\n\t\t\t\t<div class=\"elementor-widget-container\">\n\t\t\t\t\t\t\t\t\t<div class=\"elementor-button-wrapper\">\n\t\t\t\t\t<a class=\"elementor-button elementor-button-link elementor-size-sm\" href=\"https:\/\/www.thormajanosmuzeum.hu\/\">\n\t\t\t\t\t\t<span class=\"elementor-button-content-wrapper\">\n\t\t\t\t\t\t<span class=\"elementor-button-icon\">\n\t\t\t\t<i aria-hidden=\"true\" class=\"far fa-arrow-alt-circle-right\"><\/i>\t\t\t<\/span>\n\t\t\t\t\t\t\t\t\t<span class=\"elementor-button-text\">Further to the page<\/span>\n\t\t\t\t\t<\/span>\n\t\t\t\t\t<\/a>\n\t\t\t\t<\/div>\n\t\t\t\t\t\t\t\t<\/div>\n\t\t\t\t<\/div>\n\t\t\t\t\t<\/div>\n\t\t<\/div>\n\t\t\t\t\t<\/div>\n\t\t<\/section>\n\t\t\t\t<section class=\"elementor-section elementor-top-section elementor-element elementor-element-fc10e9f elementor-section-content-space-between elementor-section-boxed elementor-section-height-default elementor-section-height-default\" data-id=\"fc10e9f\" data-element_type=\"section\" data-settings=\"{&quot;background_background&quot;:&quot;classic&quot;}\">\n\t\t\t\t\t\t\t<div class=\"elementor-background-overlay\"><\/div>\n\t\t\t\t\t\t\t<div class=\"elementor-container elementor-column-gap-no\">\n\t\t\t\t\t<div class=\"elementor-column elementor-col-100 elementor-top-column elementor-element elementor-element-b636b6c\" data-id=\"b636b6c\" data-element_type=\"column\">\n\t\t\t<div class=\"elementor-widget-wrap elementor-element-populated\">\n\t\t\t\t\t\t<div class=\"elementor-element elementor-element-2f5ff24 elementor-widget elementor-widget-heading\" data-id=\"2f5ff24\" data-element_type=\"widget\" data-widget_type=\"heading.default\">\n\t\t\t\t<div class=\"elementor-widget-container\">\n\t\t\t\t\t<h2 class=\"elementor-heading-title elementor-size-large\"><b>Lace house and lace museum,<\/b><b> <span>~ 1,5km<\/span><\/b><br><\/h2>\t\t\t\t<\/div>\n\t\t\t\t<\/div>\n\t\t\t\t<div class=\"elementor-element elementor-element-bbdb69a elementor-widget elementor-widget-spacer\" data-id=\"bbdb69a\" data-element_type=\"widget\" data-widget_type=\"spacer.default\">\n\t\t\t\t<div class=\"elementor-widget-container\">\n\t\t\t\t\t\t\t<div class=\"elementor-spacer\">\n\t\t\t<div class=\"elementor-spacer-inner\"><\/div>\n\t\t<\/div>\n\t\t\t\t\t\t<\/div>\n\t\t\t\t<\/div>\n\t\t\t\t<div class=\"elementor-element elementor-element-c476900 elementor-invisible elementor-widget elementor-widget-image\" data-id=\"c476900\" data-element_type=\"widget\" data-settings=\"{&quot;_animation&quot;:&quot;zoomIn&quot;}\" data-widget_type=\"image.default\">\n\t\t\t\t<div class=\"elementor-widget-container\">\n\t\t\t\t\t\t\t\t\t\t\t\t\t\t\t<img decoding=\"async\" width=\"300\" height=\"164\" src=\"https:\/\/csipkehotel.hu\/en\/wp-content\/uploads\/2020\/03\/4215-csipkehaz-kiskunhalas-300x164.jpg\" class=\"attachment-medium size-medium wp-image-1137\" alt=\"\" srcset=\"https:\/\/csipkehotel.hu\/en\/wp-content\/uploads\/2020\/03\/4215-csipkehaz-kiskunhalas-300x164.jpg 300w, https:\/\/csipkehotel.hu\/en\/wp-content\/uploads\/2020\/03\/4215-csipkehaz-kiskunhalas-20x11.jpg 20w, https:\/\/csipkehotel.hu\/en\/wp-content\/uploads\/2020\/03\/4215-csipkehaz-kiskunhalas.jpg 745w\" sizes=\"(max-width: 300px) 100vw, 300px\" \/>\t\t\t\t\t\t\t\t\t\t\t\t\t\t\t<\/div>\n\t\t\t\t<\/div>\n\t\t\t\t<div class=\"elementor-element elementor-element-b353698 elementor-widget elementor-widget-text-editor\" data-id=\"b353698\" data-element_type=\"widget\" data-widget_type=\"text-editor.default\">\n\t\t\t\t<div class=\"elementor-widget-container\">\n\t\t\t\t\t\t\t\t\t<p>\u00a0<\/p><div>\u00a0<\/div><div>\u00a0<\/div><div>&#8222;Halas Lace&#8221;, from the town of Kiskunhalas, first appeared in 1902 and has since become an important part of Hungarian folk art. One of the founders of cottage industry in Hungary was \u00c1rp\u00e1d D\u00e9k\u00e1ni (1861-1931). The Kiskunhalas Lace workshop is one of the very fem built at the turn of the century and still functioning today, despite frequently difficult conditions. The first designer of Halas Laces was \u00c1rp\u00e1d D\u00e9k\u00e1ni. However the needles behind this unique technology belonged not to D\u00e9k\u00e1ni brat to Kiskunhalas-born M\u00e1ria Markovits (1875-1954)<\/div><div><a href=\"http:\/\/www.museum.hu\/exhibition\/12271\/The_history_of_the_halas_lace\">\u00a0<\/a><\/div><p>Source of the picture: https:\/\/www.programturizmus.hu\/partner-csipkehaz-kiskunhalas.html<\/p>\t\t\t\t\t\t\t\t<\/div>\n\t\t\t\t<\/div>\n\t\t\t\t<div class=\"elementor-element elementor-element-11825ba elementor-align-center elementor-widget elementor-widget-button\" data-id=\"11825ba\" data-element_type=\"widget\" data-widget_type=\"button.default\">\n\t\t\t\t<div class=\"elementor-widget-container\">\n\t\t\t\t\t\t\t\t\t<div class=\"elementor-button-wrapper\">\n\t\t\t\t\t<a class=\"elementor-button elementor-button-link elementor-size-sm\" href=\"http:\/\/www.halasicsipke.hu\/\">\n\t\t\t\t\t\t<span class=\"elementor-button-content-wrapper\">\n\t\t\t\t\t\t<span class=\"elementor-button-icon\">\n\t\t\t\t<i aria-hidden=\"true\" class=\"far fa-arrow-alt-circle-right\"><\/i>\t\t\t<\/span>\n\t\t\t\t\t\t\t\t\t<span class=\"elementor-button-text\">Further to the page<\/span>\n\t\t\t\t\t<\/span>\n\t\t\t\t\t<\/a>\n\t\t\t\t<\/div>\n\t\t\t\t\t\t\t\t<\/div>\n\t\t\t\t<\/div>\n\t\t\t\t\t<\/div>\n\t\t<\/div>\n\t\t\t\t\t<\/div>\n\t\t<\/section>\n\t\t\t\t<section class=\"elementor-section elementor-top-section elementor-element elementor-element-e570287 elementor-section-boxed elementor-section-height-default elementor-section-height-default\" data-id=\"e570287\" data-element_type=\"section\">\n\t\t\t\t\t\t<div class=\"elementor-container elementor-column-gap-default\">\n\t\t\t\t\t<div class=\"elementor-column elementor-col-100 elementor-top-column elementor-element elementor-element-11a4246\" data-id=\"11a4246\" data-element_type=\"column\">\n\t\t\t<div class=\"elementor-widget-wrap elementor-element-populated\">\n\t\t\t\t\t\t<div class=\"elementor-element elementor-element-1050dc4 elementor-widget elementor-widget-heading\" data-id=\"1050dc4\" data-element_type=\"widget\" data-widget_type=\"heading.default\">\n\t\t\t\t<div class=\"elementor-widget-container\">\n\t\t\t\t\t<h2 class=\"elementor-heading-title elementor-size-large\"><b>A kiskunhalasi v\u00e1rosh\u00e1za <span>~ 500m <\/span><\/b><br><\/h2>\t\t\t\t<\/div>\n\t\t\t\t<\/div>\n\t\t\t\t<div class=\"elementor-element elementor-element-3d22029 elementor-widget elementor-widget-spacer\" data-id=\"3d22029\" data-element_type=\"widget\" data-widget_type=\"spacer.default\">\n\t\t\t\t<div class=\"elementor-widget-container\">\n\t\t\t\t\t\t\t<div class=\"elementor-spacer\">\n\t\t\t<div class=\"elementor-spacer-inner\"><\/div>\n\t\t<\/div>\n\t\t\t\t\t\t<\/div>\n\t\t\t\t<\/div>\n\t\t\t\t<div class=\"elementor-element elementor-element-35fc202 elementor-invisible elementor-widget elementor-widget-image\" data-id=\"35fc202\" data-element_type=\"widget\" data-settings=\"{&quot;_animation&quot;:&quot;zoomIn&quot;}\" data-widget_type=\"image.default\">\n\t\t\t\t<div class=\"elementor-widget-container\">\n\t\t\t\t\t\t\t\t\t\t\t\t\t\t\t<img decoding=\"async\" width=\"200\" height=\"300\" src=\"https:\/\/csipkehotel.hu\/en\/wp-content\/uploads\/2020\/02\/let\u00f6lt\u00e9s.jpg\" class=\"attachment-medium size-medium wp-image-918\" alt=\"\" srcset=\"https:\/\/csipkehotel.hu\/en\/wp-content\/uploads\/2020\/02\/let\u00f6lt\u00e9s.jpg 533w, https:\/\/csipkehotel.hu\/en\/wp-content\/uploads\/2020\/02\/let\u00f6lt\u00e9s-13x20.jpg 13w\" sizes=\"(max-width: 200px) 100vw, 200px\" \/>\t\t\t\t\t\t\t\t\t\t\t\t\t\t\t<\/div>\n\t\t\t\t<\/div>\n\t\t\t\t<div class=\"elementor-element elementor-element-88b2c40 elementor-widget elementor-widget-text-editor\" data-id=\"88b2c40\" data-element_type=\"widget\" data-widget_type=\"text-editor.default\">\n\t\t\t\t<div class=\"elementor-widget-container\">\n\t\t\t\t\t\t\t\t\t<p>The town halll with it&#8217;s wonderful fire tower was built in 1833-34 by the design of \u00c1goston Fischer. It was extended in 1906 by the design of Rezs\u0151 Hikisch and Henrik Kot\u00e1l. The secession styled building was renewed in 2014.<\/p><p>For those of our guests who enjoy heigh we suggest to visit the firetower as a great activity.<\/p>\t\t\t\t\t\t\t\t<\/div>\n\t\t\t\t<\/div>\n\t\t\t\t<div class=\"elementor-element elementor-element-d3e2a09 elementor-align-center elementor-widget elementor-widget-button\" data-id=\"d3e2a09\" data-element_type=\"widget\" data-widget_type=\"button.default\">\n\t\t\t\t<div class=\"elementor-widget-container\">\n\t\t\t\t\t\t\t\t\t<div class=\"elementor-button-wrapper\">\n\t\t\t\t\t<a class=\"elementor-button elementor-button-link elementor-size-sm\" href=\"http:\/\/www.kiskunhalas.hu\/turizmus\/latnivalok\/varoshaza_torony\">\n\t\t\t\t\t\t<span class=\"elementor-button-content-wrapper\">\n\t\t\t\t\t\t<span class=\"elementor-button-icon\">\n\t\t\t\t<i aria-hidden=\"true\" class=\"far fa-arrow-alt-circle-right\"><\/i>\t\t\t<\/span>\n\t\t\t\t\t\t\t\t\t<span class=\"elementor-button-text\">Further to the page<\/span>\n\t\t\t\t\t<\/span>\n\t\t\t\t\t<\/a>\n\t\t\t\t<\/div>\n\t\t\t\t\t\t\t\t<\/div>\n\t\t\t\t<\/div>\n\t\t\t\t<div class=\"elementor-element elementor-element-05bd7ad elementor-widget elementor-widget-spacer\" data-id=\"05bd7ad\" data-element_type=\"widget\" data-widget_type=\"spacer.default\">\n\t\t\t\t<div class=\"elementor-widget-container\">\n\t\t\t\t\t\t\t<div class=\"elementor-spacer\">\n\t\t\t<div class=\"elementor-spacer-inner\"><\/div>\n\t\t<\/div>\n\t\t\t\t\t\t<\/div>\n\t\t\t\t<\/div>\n\t\t\t\t\t<\/div>\n\t\t<\/div>\n\t\t\t\t\t<\/div>\n\t\t<\/section>\n\t\t\t\t<section class=\"elementor-section elementor-top-section elementor-element elementor-element-6ebf3c9 elementor-section-boxed elementor-section-height-default elementor-section-height-default\" data-id=\"6ebf3c9\" data-element_type=\"section\">\n\t\t\t\t\t\t<div class=\"elementor-container elementor-column-gap-default\">\n\t\t\t\t\t<div class=\"elementor-column elementor-col-100 elementor-top-column elementor-element elementor-element-6ffe43b\" data-id=\"6ffe43b\" data-element_type=\"column\">\n\t\t\t<div class=\"elementor-widget-wrap elementor-element-populated\">\n\t\t\t\t\t\t<div class=\"elementor-element elementor-element-d499f3f elementor-widget elementor-widget-heading\" data-id=\"d499f3f\" data-element_type=\"widget\" data-widget_type=\"heading.default\">\n\t\t\t\t<div class=\"elementor-widget-container\">\n\t\t\t\t\t<h2 class=\"elementor-heading-title elementor-size-large\"><b>Csillagvizsg\u00e1l\u00f3<\/b> <b>Obszervat\u00f3rium <span class=\"st\">~<\/span> 1,8km<\/b><br><b><span><\/span><\/b><\/h2>\t\t\t\t<\/div>\n\t\t\t\t<\/div>\n\t\t\t\t<div class=\"elementor-element elementor-element-b06f794 elementor-widget elementor-widget-spacer\" data-id=\"b06f794\" data-element_type=\"widget\" data-widget_type=\"spacer.default\">\n\t\t\t\t<div class=\"elementor-widget-container\">\n\t\t\t\t\t\t\t<div class=\"elementor-spacer\">\n\t\t\t<div class=\"elementor-spacer-inner\"><\/div>\n\t\t<\/div>\n\t\t\t\t\t\t<\/div>\n\t\t\t\t<\/div>\n\t\t\t\t<div class=\"elementor-element elementor-element-4e79427 elementor-invisible elementor-widget elementor-widget-image\" data-id=\"4e79427\" data-element_type=\"widget\" data-settings=\"{&quot;_animation&quot;:&quot;zoomIn&quot;}\" data-widget_type=\"image.default\">\n\t\t\t\t<div class=\"elementor-widget-container\">\n\t\t\t\t\t\t\t\t\t\t\t\t\t\t\t<img loading=\"lazy\" decoding=\"async\" width=\"300\" height=\"201\" src=\"https:\/\/csipkehotel.hu\/en\/wp-content\/uploads\/2020\/02\/14808-kiskunhalasi-csillagaszati-obszervatorium.jpg\" class=\"attachment-medium size-medium wp-image-923\" alt=\"\" srcset=\"https:\/\/csipkehotel.hu\/en\/wp-content\/uploads\/2020\/02\/14808-kiskunhalasi-csillagaszati-obszervatorium.jpg 800w, https:\/\/csipkehotel.hu\/en\/wp-content\/uploads\/2020\/02\/14808-kiskunhalasi-csillagaszati-obszervatorium-20x13.jpg 20w\" sizes=\"(max-width: 300px) 100vw, 300px\" \/>\t\t\t\t\t\t\t\t\t\t\t\t\t\t\t<\/div>\n\t\t\t\t<\/div>\n\t\t\t\t<div class=\"elementor-element elementor-element-217ebd5 elementor-widget elementor-widget-text-editor\" data-id=\"217ebd5\" data-element_type=\"widget\" data-widget_type=\"text-editor.default\">\n\t\t\t\t<div class=\"elementor-widget-container\">\n\t\t\t\t\t\t\t\t\t<p>\u00a0<\/p><p>The observatory of our town has been accepting those people who are interested in astronomy since 1983. The observatory is one of the biggest observatories to display. In the beggining it&#8217;s main excercise was informing, however today the science observation of Sun also works in this institution.<\/p><p>\u00a0<\/p>\t\t\t\t\t\t\t\t<\/div>\n\t\t\t\t<\/div>\n\t\t\t\t<div class=\"elementor-element elementor-element-d909dd0 elementor-align-center elementor-widget elementor-widget-button\" data-id=\"d909dd0\" data-element_type=\"widget\" data-widget_type=\"button.default\">\n\t\t\t\t<div class=\"elementor-widget-container\">\n\t\t\t\t\t\t\t\t\t<div class=\"elementor-button-wrapper\">\n\t\t\t\t\t<a class=\"elementor-button elementor-button-link elementor-size-sm\" href=\"http:\/\/www.kiskunhalas.hu\/turizmus\/latnivalok\/csillagvizsgalo\">\n\t\t\t\t\t\t<span class=\"elementor-button-content-wrapper\">\n\t\t\t\t\t\t<span class=\"elementor-button-icon\">\n\t\t\t\t<i aria-hidden=\"true\" class=\"far fa-arrow-alt-circle-right\"><\/i>\t\t\t<\/span>\n\t\t\t\t\t\t\t\t\t<span class=\"elementor-button-text\">Further to the page<\/span>\n\t\t\t\t\t<\/span>\n\t\t\t\t\t<\/a>\n\t\t\t\t<\/div>\n\t\t\t\t\t\t\t\t<\/div>\n\t\t\t\t<\/div>\n\t\t\t\t<div class=\"elementor-element elementor-element-cb5839b elementor-widget elementor-widget-spacer\" data-id=\"cb5839b\" data-element_type=\"widget\" data-widget_type=\"spacer.default\">\n\t\t\t\t<div class=\"elementor-widget-container\">\n\t\t\t\t\t\t\t<div class=\"elementor-spacer\">\n\t\t\t<div class=\"elementor-spacer-inner\"><\/div>\n\t\t<\/div>\n\t\t\t\t\t\t<\/div>\n\t\t\t\t<\/div>\n\t\t\t\t\t<\/div>\n\t\t<\/div>\n\t\t\t\t\t<\/div>\n\t\t<\/section>\n\t\t\t\t<section class=\"elementor-section elementor-top-section elementor-element elementor-element-ec949a5 elementor-section-boxed elementor-section-height-default elementor-section-height-default\" data-id=\"ec949a5\" data-element_type=\"section\">\n\t\t\t\t\t\t<div class=\"elementor-container elementor-column-gap-default\">\n\t\t\t\t\t<div class=\"elementor-column elementor-col-100 elementor-top-column elementor-element elementor-element-b755bcc\" data-id=\"b755bcc\" data-element_type=\"column\">\n\t\t\t<div class=\"elementor-widget-wrap elementor-element-populated\">\n\t\t\t\t\t\t<div class=\"elementor-element elementor-element-bb9fb18 elementor-widget elementor-widget-heading\" data-id=\"bb9fb18\" data-element_type=\"widget\" data-widget_type=\"heading.default\">\n\t\t\t\t<div class=\"elementor-widget-container\">\n\t\t\t\t\t<h2 class=\"elementor-heading-title elementor-size-large\"><b>\nPark cset\u00e9nyi - the summer accodomodation of water buffalos <span class=\"st\">~ 800m<\/span><\/b><br>\n<\/h2>\t\t\t\t<\/div>\n\t\t\t\t<\/div>\n\t\t\t\t<div class=\"elementor-element elementor-element-73fe04e elementor-widget elementor-widget-spacer\" data-id=\"73fe04e\" data-element_type=\"widget\" data-widget_type=\"spacer.default\">\n\t\t\t\t<div class=\"elementor-widget-container\">\n\t\t\t\t\t\t\t<div class=\"elementor-spacer\">\n\t\t\t<div class=\"elementor-spacer-inner\"><\/div>\n\t\t<\/div>\n\t\t\t\t\t\t<\/div>\n\t\t\t\t<\/div>\n\t\t\t\t<div class=\"elementor-element elementor-element-b267b6e elementor-invisible elementor-widget elementor-widget-image\" data-id=\"b267b6e\" data-element_type=\"widget\" data-settings=\"{&quot;_animation&quot;:&quot;zoomIn&quot;}\" data-widget_type=\"image.default\">\n\t\t\t\t<div class=\"elementor-widget-container\">\n\t\t\t\t\t\t\t\t\t\t\t\t\t\t\t<img loading=\"lazy\" decoding=\"async\" width=\"300\" height=\"188\" src=\"https:\/\/csipkehotel.hu\/en\/wp-content\/uploads\/2020\/03\/cset-nyi-park-bivalyok-300x188.jpg\" class=\"attachment-medium size-medium wp-image-1161\" alt=\"\" srcset=\"https:\/\/csipkehotel.hu\/en\/wp-content\/uploads\/2020\/03\/cset-nyi-park-bivalyok-300x188.jpg 300w, https:\/\/csipkehotel.hu\/en\/wp-content\/uploads\/2020\/03\/cset-nyi-park-bivalyok-1024x641.jpg 1024w, https:\/\/csipkehotel.hu\/en\/wp-content\/uploads\/2020\/03\/cset-nyi-park-bivalyok-768x481.jpg 768w, https:\/\/csipkehotel.hu\/en\/wp-content\/uploads\/2020\/03\/cset-nyi-park-bivalyok-1536x961.jpg 1536w, https:\/\/csipkehotel.hu\/en\/wp-content\/uploads\/2020\/03\/cset-nyi-park-bivalyok-20x13.jpg 20w, https:\/\/csipkehotel.hu\/en\/wp-content\/uploads\/2020\/03\/cset-nyi-park-bivalyok.jpg 1726w\" sizes=\"(max-width: 300px) 100vw, 300px\" \/>\t\t\t\t\t\t\t\t\t\t\t\t\t\t\t<\/div>\n\t\t\t\t<\/div>\n\t\t\t\t<div class=\"elementor-element elementor-element-e3c0916 elementor-widget elementor-widget-spacer\" data-id=\"e3c0916\" data-element_type=\"widget\" data-widget_type=\"spacer.default\">\n\t\t\t\t<div class=\"elementor-widget-container\">\n\t\t\t\t\t\t\t<div class=\"elementor-spacer\">\n\t\t\t<div class=\"elementor-spacer-inner\"><\/div>\n\t\t<\/div>\n\t\t\t\t\t\t<\/div>\n\t\t\t\t<\/div>\n\t\t\t\t<div class=\"elementor-element elementor-element-69ded96 elementor-widget elementor-widget-text-editor\" data-id=\"69ded96\" data-element_type=\"widget\" data-widget_type=\"text-editor.default\">\n\t\t\t\t<div class=\"elementor-widget-container\">\n\t\t\t\t\t\t\t\t\t<p>The six-membered water buffalo family can been visited from april to october at their temorary accomodation in the Park Cset\u00e9nyi. Although the view of the water buffalos isn&#8217;t only a touristical attraction, but they play an important ecological role as well, because their exsistence helps to roll back the sedge.<\/p><p>Source: https:\/\/www.bacskiskun.hu\/latnivalok\/csetenyi-park<\/p><p>\u00a0<\/p>\t\t\t\t\t\t\t\t<\/div>\n\t\t\t\t<\/div>\n\t\t\t\t<div class=\"elementor-element elementor-element-3a9b8c0 elementor-align-center elementor-widget elementor-widget-button\" data-id=\"3a9b8c0\" data-element_type=\"widget\" data-widget_type=\"button.default\">\n\t\t\t\t<div class=\"elementor-widget-container\">\n\t\t\t\t\t\t\t\t\t<div class=\"elementor-button-wrapper\">\n\t\t\t\t\t<a class=\"elementor-button elementor-button-link elementor-size-sm\" href=\"https:\/\/www.bacskiskun.hu\/latnivalok\/csetenyi-park\">\n\t\t\t\t\t\t<span class=\"elementor-button-content-wrapper\">\n\t\t\t\t\t\t<span class=\"elementor-button-icon\">\n\t\t\t\t<i aria-hidden=\"true\" class=\"far fa-arrow-alt-circle-right\"><\/i>\t\t\t<\/span>\n\t\t\t\t\t\t\t\t\t<span class=\"elementor-button-text\">Further to the page<\/span>\n\t\t\t\t\t<\/span>\n\t\t\t\t\t<\/a>\n\t\t\t\t<\/div>\n\t\t\t\t\t\t\t\t<\/div>\n\t\t\t\t<\/div>\n\t\t\t\t\t<\/div>\n\t\t<\/div>\n\t\t\t\t\t<\/div>\n\t\t<\/section>\n\t\t\t\t<\/div>\n\t\t","protected":false},"excerpt":{"rendered":"<p>hotel csipke sights of the town J\u00e1nos thorma museum ~ 600m J\u00e1nos Thorma, the famous artist was born is Kiskunhalas, he established the painter school of Nagyb\u00e1nya. The museum which is named after him belongs to the eldest museums of Hungary. The number of the unrival exhibition is more, than 88 thousands, which are mainly &hellip;<\/p>\n<p class=\"read-more\"> <a class=\"\" href=\"https:\/\/csipkehotel.hu\/en\/sights\/\"> <span class=\"screen-reader-text\">Sights<\/span> Read More &raquo;<\/a><\/p>\n","protected":false},"author":1,"featured_media":483,"parent":0,"menu_order":0,"comment_status":"closed","ping_status":"closed","template":"","meta":{"site-sidebar-layout":"no-sidebar","site-content-layout":"page-builder","ast-global-header-display":"","ast-main-header-display":"","ast-hfb-above-header-display":"","ast-hfb-below-header-display":"","ast-hfb-mobile-header-display":"","site-post-title":"disabled","ast-breadcrumbs-content":"disabled","ast-featured-img":"disabled","footer-sml-layout":"","theme-transparent-header-meta":"enabled","adv-header-id-meta":"","stick-header-meta":"","header-above-stick-meta":"","header-main-stick-meta":"","header-below-stick-meta":"","footnotes":""},"class_list":["post-915","page","type-page","status-publish","has-post-thumbnail","hentry"],"_links":{"self":[{"href":"https:\/\/csipkehotel.hu\/en\/wp-json\/wp\/v2\/pages\/915","targetHints":{"allow":["GET"]}}],"collection":[{"href":"https:\/\/csipkehotel.hu\/en\/wp-json\/wp\/v2\/pages"}],"about":[{"href":"https:\/\/csipkehotel.hu\/en\/wp-json\/wp\/v2\/types\/page"}],"author":[{"embeddable":true,"href":"https:\/\/csipkehotel.hu\/en\/wp-json\/wp\/v2\/users\/1"}],"replies":[{"embeddable":true,"href":"https:\/\/csipkehotel.hu\/en\/wp-json\/wp\/v2\/comments?post=915"}],"version-history":[{"count":32,"href":"https:\/\/csipkehotel.hu\/en\/wp-json\/wp\/v2\/pages\/915\/revisions"}],"predecessor-version":[{"id":1384,"href":"https:\/\/csipkehotel.hu\/en\/wp-json\/wp\/v2\/pages\/915\/revisions\/1384"}],"wp:featuredmedia":[{"embeddable":true,"href":"https:\/\/csipkehotel.hu\/en\/wp-json\/wp\/v2\/media\/483"}],"wp:attachment":[{"href":"https:\/\/csipkehotel.hu\/en\/wp-json\/wp\/v2\/media?parent=915"}],"curies":[{"name":"wp","href":"https:\/\/api.w.org\/{rel}","templated":true}]}}